{"id":1794,"date":"2017-10-25T11:12:06","date_gmt":"2017-10-25T10:12:06","guid":{"rendered":"http:\/\/www.ammonberatung.de\/dollberg\/?page_id=1794"},"modified":"2018-07-03T10:12:56","modified_gmt":"2018-07-03T09:12:56","slug":"firmenprofil","status":"publish","type":"page","link":"https:\/\/www.dollberg-immobilien.de\/?page_id=1794","title":{"rendered":"Firmenprofil"},"content":{"rendered":"<h3 class=\"content-title\">Cornelia Dollberg<\/h3>\n<p><img decoding=\"async\" class=\"alignnone size-full wp-image-2076 lazyload\" data-src=\"https:\/\/www.dollberg-immobilien.de\/wp-content\/uploads\/2018\/06\/770085.jpg\" alt=\"\" width=\"185\" height=\"187\" src=\"data:image\/svg+xml;base64,PHN2ZyB3aWR0aD0iMSIgaGVpZ2h0PSIxIiB4bWxucz0iaHR0cDovL3d3dy53My5vcmcvMjAwMC9zdmciPjwvc3ZnPg==\" style=\"--smush-placeholder-width: 185px; --smush-placeholder-aspect-ratio: 185\/187;\" \/><\/p>\n<h2><span style=\"color: #5a284d;\">Bei uns ist Ihre Immobilie in guten H\u00e4nden!<\/span><\/h2>\n<p>Im Mai 1999 wurde Cornelia Dollberg Immobilien von Frau Cornelia Dollberg gegr\u00fcndet. Der Wunsch Familien ein sch\u00f6nes Zuhause zu geben, pr\u00e4gte von Anfang an Ihre berufliche Laufbahn. Eine Ausbildung als Bauzeichnerin und eine 10- J\u00e4hrige Mitarbeit in renommierten Architekturb\u00fcros, setzten den Grundstein f\u00fcr ein fundiertes Wissen. Nach einer weiteren 4- j\u00e4hrigen, freiberuflichen Mitarbeit in einem K\u00f6lner Immobilienb\u00fcro, waren die Voraussetzungen f\u00fcr die Gr\u00fcndung eines soliden Unternehmens mit fachlicher Kompetenz gegeben.<\/p>\n","protected":false},"excerpt":{"rendered":"<p>Cornelia Dollberg Bei uns ist Ihre Immobilie in guten H\u00e4nden! Im Mai 1999 wurde Cornelia Dollberg Immobilien von Frau Cornelia Dollberg gegr\u00fcndet. Der Wunsch Familien ein sch\u00f6nes Zuhause zu geben, pr\u00e4gte von Anfang an Ihre berufliche Laufbahn. Eine Ausbildung als Bauzeichnerin und eine 10- J\u00e4hrige Mitarbeit in renommierten Architekturb\u00fcros, setzten den Grundstein f\u00fcr ein fundiertes <span class=\"moretag\"><a href=\"https:\/\/www.dollberg-immobilien.de\/?page_id=1794\" class=\"btn btn-sm btn-primary\">Mehr Infos<\/a><\/span><\/p>\n","protected":false},"author":1,"featured_media":0,"parent":0,"menu_order":0,"comment_status":"closed","ping_status":"closed","template":"","meta":{"footnotes":""},"class_list":["post-1794","page","type-page","status-publish","hentry"],"yoast_head":"<!-- This site is optimized with the Yoast SEO plugin v27.6 - https:\/\/yoast.com\/product\/yoast-seo-wordpress\/ -->\n<title>Firmenprofil - Dollberg Immobilien Ihre Maklerin f\u00fcr K\u00f6ln Porz und Umgebung<\/title>\n<meta name=\"robots\" content=\"index, follow, max-snippet:-1, max-image-preview:large, max-video-preview:-1\" \/>\n<link rel=\"canonical\" href=\"https:\/\/www.dollberg-immobilien.de\/?page_id=1794\" \/>\n<meta property=\"og:locale\" content=\"de_DE\" \/>\n<meta property=\"og:type\" content=\"article\" \/>\n<meta property=\"og:title\" content=\"Firmenprofil - Dollberg Immobilien Ihre Maklerin f\u00fcr K\u00f6ln Porz und Umgebung\" \/>\n<meta property=\"og:description\" content=\"Cornelia Dollberg Bei uns ist Ihre Immobilie in guten H\u00e4nden! Im Mai 1999 wurde Cornelia Dollberg Immobilien von Frau Cornelia Dollberg gegr\u00fcndet. Der Wunsch Familien ein sch\u00f6nes Zuhause zu geben, pr\u00e4gte von Anfang an Ihre berufliche Laufbahn. Eine Ausbildung als Bauzeichnerin und eine 10- J\u00e4hrige Mitarbeit in renommierten Architekturb\u00fcros, setzten den Grundstein f\u00fcr ein fundiertes Mehr Infos\" \/>\n<meta property=\"og:url\" content=\"https:\/\/www.dollberg-immobilien.de\/?page_id=1794\" \/>\n<meta property=\"og:site_name\" content=\"Dollberg Immobilien Ihre Maklerin f\u00fcr K\u00f6ln Porz und Umgebung\" \/>\n<meta property=\"article:modified_time\" content=\"2018-07-03T09:12:56+00:00\" \/>\n<meta property=\"og:image\" content=\"https:\/\/www.dollberg-immobilien.de\/wp-content\/uploads\/2018\/06\/770085.jpg\" \/>\n<meta name=\"twitter:card\" content=\"summary_large_image\" \/>\n<script type=\"application\/ld+json\" class=\"yoast-schema-graph\">{\"@context\":\"https:\\\/\\\/schema.org\",\"@graph\":[{\"@type\":\"WebPage\",\"@id\":\"https:\\\/\\\/www.dollberg-immobilien.de\\\/?page_id=1794\",\"url\":\"https:\\\/\\\/www.dollberg-immobilien.de\\\/?page_id=1794\",\"name\":\"Firmenprofil - Dollberg Immobilien Ihre Maklerin f\u00fcr K\u00f6ln Porz und Umgebung\",\"isPartOf\":{\"@id\":\"https:\\\/\\\/www.dollberg-immobilien.de\\\/#website\"},\"primaryImageOfPage\":{\"@id\":\"https:\\\/\\\/www.dollberg-immobilien.de\\\/?page_id=1794#primaryimage\"},\"image\":{\"@id\":\"https:\\\/\\\/www.dollberg-immobilien.de\\\/?page_id=1794#primaryimage\"},\"thumbnailUrl\":\"https:\\\/\\\/www.dollberg-immobilien.de\\\/wp-content\\\/uploads\\\/2018\\\/06\\\/770085.jpg\",\"datePublished\":\"2017-10-25T10:12:06+00:00\",\"dateModified\":\"2018-07-03T09:12:56+00:00\",\"breadcrumb\":{\"@id\":\"https:\\\/\\\/www.dollberg-immobilien.de\\\/?page_id=1794#breadcrumb\"},\"inLanguage\":\"de\",\"potentialAction\":[{\"@type\":\"ReadAction\",\"target\":[\"https:\\\/\\\/www.dollberg-immobilien.de\\\/?page_id=1794\"]}]},{\"@type\":\"ImageObject\",\"inLanguage\":\"de\",\"@id\":\"https:\\\/\\\/www.dollberg-immobilien.de\\\/?page_id=1794#primaryimage\",\"url\":\"https:\\\/\\\/www.dollberg-immobilien.de\\\/wp-content\\\/uploads\\\/2018\\\/06\\\/770085.jpg\",\"contentUrl\":\"https:\\\/\\\/www.dollberg-immobilien.de\\\/wp-content\\\/uploads\\\/2018\\\/06\\\/770085.jpg\",\"width\":185,\"height\":187},{\"@type\":\"BreadcrumbList\",\"@id\":\"https:\\\/\\\/www.dollberg-immobilien.de\\\/?page_id=1794#breadcrumb\",\"itemListElement\":[{\"@type\":\"ListItem\",\"position\":1,\"name\":\"Startseite\",\"item\":\"https:\\\/\\\/www.dollberg-immobilien.de\\\/\"},{\"@type\":\"ListItem\",\"position\":2,\"name\":\"Firmenprofil\"}]},{\"@type\":\"WebSite\",\"@id\":\"https:\\\/\\\/www.dollberg-immobilien.de\\\/#website\",\"url\":\"https:\\\/\\\/www.dollberg-immobilien.de\\\/\",\"name\":\"Dollberg Immobilien Ihre Maklerin f\u00fcr K\u00f6ln Porz und Umgebung\",\"description\":\"Dollberg Immobilien\",\"potentialAction\":[{\"@type\":\"SearchAction\",\"target\":{\"@type\":\"EntryPoint\",\"urlTemplate\":\"https:\\\/\\\/www.dollberg-immobilien.de\\\/?s={search_term_string}\"},\"query-input\":{\"@type\":\"PropertyValueSpecification\",\"valueRequired\":true,\"valueName\":\"search_term_string\"}}],\"inLanguage\":\"de\"}]}<\/script>\n<!-- \/ Yoast SEO plugin. -->","yoast_head_json":{"title":"Firmenprofil - Dollberg Immobilien Ihre Maklerin f\u00fcr K\u00f6ln Porz und Umgebung","robots":{"index":"index","follow":"follow","max-snippet":"max-snippet:-1","max-image-preview":"max-image-preview:large","max-video-preview":"max-video-preview:-1"},"canonical":"https:\/\/www.dollberg-immobilien.de\/?page_id=1794","og_locale":"de_DE","og_type":"article","og_title":"Firmenprofil - Dollberg Immobilien Ihre Maklerin f\u00fcr K\u00f6ln Porz und Umgebung","og_description":"Cornelia Dollberg Bei uns ist Ihre Immobilie in guten H\u00e4nden! Im Mai 1999 wurde Cornelia Dollberg Immobilien von Frau Cornelia Dollberg gegr\u00fcndet. Der Wunsch Familien ein sch\u00f6nes Zuhause zu geben, pr\u00e4gte von Anfang an Ihre berufliche Laufbahn. Eine Ausbildung als Bauzeichnerin und eine 10- J\u00e4hrige Mitarbeit in renommierten Architekturb\u00fcros, setzten den Grundstein f\u00fcr ein fundiertes Mehr Infos","og_url":"https:\/\/www.dollberg-immobilien.de\/?page_id=1794","og_site_name":"Dollberg Immobilien Ihre Maklerin f\u00fcr K\u00f6ln Porz und Umgebung","article_modified_time":"2018-07-03T09:12:56+00:00","og_image":[{"url":"https:\/\/www.dollberg-immobilien.de\/wp-content\/uploads\/2018\/06\/770085.jpg","type":"","width":"","height":""}],"twitter_card":"summary_large_image","schema":{"@context":"https:\/\/schema.org","@graph":[{"@type":"WebPage","@id":"https:\/\/www.dollberg-immobilien.de\/?page_id=1794","url":"https:\/\/www.dollberg-immobilien.de\/?page_id=1794","name":"Firmenprofil - Dollberg Immobilien Ihre Maklerin f\u00fcr K\u00f6ln Porz und Umgebung","isPartOf":{"@id":"https:\/\/www.dollberg-immobilien.de\/#website"},"primaryImageOfPage":{"@id":"https:\/\/www.dollberg-immobilien.de\/?page_id=1794#primaryimage"},"image":{"@id":"https:\/\/www.dollberg-immobilien.de\/?page_id=1794#primaryimage"},"thumbnailUrl":"https:\/\/www.dollberg-immobilien.de\/wp-content\/uploads\/2018\/06\/770085.jpg","datePublished":"2017-10-25T10:12:06+00:00","dateModified":"2018-07-03T09:12:56+00:00","breadcrumb":{"@id":"https:\/\/www.dollberg-immobilien.de\/?page_id=1794#breadcrumb"},"inLanguage":"de","potentialAction":[{"@type":"ReadAction","target":["https:\/\/www.dollberg-immobilien.de\/?page_id=1794"]}]},{"@type":"ImageObject","inLanguage":"de","@id":"https:\/\/www.dollberg-immobilien.de\/?page_id=1794#primaryimage","url":"https:\/\/www.dollberg-immobilien.de\/wp-content\/uploads\/2018\/06\/770085.jpg","contentUrl":"https:\/\/www.dollberg-immobilien.de\/wp-content\/uploads\/2018\/06\/770085.jpg","width":185,"height":187},{"@type":"BreadcrumbList","@id":"https:\/\/www.dollberg-immobilien.de\/?page_id=1794#breadcrumb","itemListElement":[{"@type":"ListItem","position":1,"name":"Startseite","item":"https:\/\/www.dollberg-immobilien.de\/"},{"@type":"ListItem","position":2,"name":"Firmenprofil"}]},{"@type":"WebSite","@id":"https:\/\/www.dollberg-immobilien.de\/#website","url":"https:\/\/www.dollberg-immobilien.de\/","name":"Dollberg Immobilien Ihre Maklerin f\u00fcr K\u00f6ln Porz und Umgebung","description":"Dollberg Immobilien","potentialAction":[{"@type":"SearchAction","target":{"@type":"EntryPoint","urlTemplate":"https:\/\/www.dollberg-immobilien.de\/?s={search_term_string}"},"query-input":{"@type":"PropertyValueSpecification","valueRequired":true,"valueName":"search_term_string"}}],"inLanguage":"de"}]}},"_links":{"self":[{"href":"https:\/\/www.dollberg-immobilien.de\/index.php?rest_route=\/wp\/v2\/pages\/1794","targetHints":{"allow":["GET"]}}],"collection":[{"href":"https:\/\/www.dollberg-immobilien.de\/index.php?rest_route=\/wp\/v2\/pages"}],"about":[{"href":"https:\/\/www.dollberg-immobilien.de\/index.php?rest_route=\/wp\/v2\/types\/page"}],"author":[{"embeddable":true,"href":"https:\/\/www.dollberg-immobilien.de\/index.php?rest_route=\/wp\/v2\/users\/1"}],"replies":[{"embeddable":true,"href":"https:\/\/www.dollberg-immobilien.de\/index.php?rest_route=%2Fwp%2Fv2%2Fcomments&post=1794"}],"version-history":[{"count":0,"href":"https:\/\/www.dollberg-immobilien.de\/index.php?rest_route=\/wp\/v2\/pages\/1794\/revisions"}],"wp:attachment":[{"href":"https:\/\/www.dollberg-immobilien.de\/index.php?rest_route=%2Fwp%2Fv2%2Fmedia&parent=1794"}],"curies":[{"name":"wp","href":"https:\/\/api.w.org\/{rel}","templated":true}]}}