{"id":191,"date":"2016-05-22T10:30:31","date_gmt":"2016-05-22T10:30:31","guid":{"rendered":"http:\/\/import.wpcasa.com\/oslo\/?page_id=191"},"modified":"2018-08-01T13:34:51","modified_gmt":"2018-08-01T12:34:51","slug":"home-2","status":"publish","type":"page","link":"https:\/\/www.dollberg-immobilien.de\/","title":{"rendered":"Home"},"content":{"rendered":"<div class=\"content-box\">\n<h2 class=\"content-title\"><span style=\"color: #5a284d;\">Willkommen bei Cornelia Dollberg Immobilien<\/span><\/h2>\n<p>Wir freuen uns, Sie auf unserer Internetseite begr\u00fc\u00dfen zu k\u00f6nnen und Ihnen unsere Serviceleistungen und Angebote vorstellen zu d\u00fcrfen.<\/p>\n<p>Als modernes Unternehmen nutzen wir alle aktuellen Medienkan\u00e4le um unsere Dienstleistungen und Objekte zu pr\u00e4sentieren. Informieren Sie sich auf den folgenden Seiten \u00fcber die M\u00f6glichkeiten die wir Ihnen bieten k\u00f6nnen.<\/p>\n<p>Ein Zitat von Paul Claudel lautet:<\/p>\n<p><span style=\"color: #5a284d;\"><em>&#8220;Nichts kann den Menschen mehr st\u00e4rken als das Vertrauen das man ihm entgegenbringt.&#8221;<\/em><\/span><\/p>\n<p>Dieses Vertrauen haben uns viele Kunden in den letzten 19 Jahren entgegengebracht.<\/p>\n<p>Wir m\u00f6chten uns auf diesem Weg daf\u00fcr recht herzlich bei Ihnen allen bedanken.<\/p>\n<h2 class=\"content-title\"><span style=\"color: #5a284d;\">Premium-Partner<\/span><\/h2>\n<p>Die gro\u00dfe Anzahl der Empfehlungen von K\u00e4ufern und Verk\u00e4ufern zeigen uns, dass wir den richtigen Weg eingeschlagen haben.<\/p>\n<p>Der pers\u00f6nliche Kontakt zum Kunden und dessen Zufriedenheit sind f\u00fcr uns von gr\u00f6\u00dfter Wichtigkeit.<img decoding=\"async\" class=\"wp-image-2069 alignright lazyload\" data-src=\"https:\/\/www.dollberg-immobilien.de\/wp-content\/uploads\/2018\/06\/siegel_dollberg_start-192x300.png\" alt=\"\" width=\"81\" height=\"127\" data-srcset=\"https:\/\/www.dollberg-immobilien.de\/wp-content\/uploads\/2018\/06\/siegel_dollberg_start-192x300.png 192w, https:\/\/www.dollberg-immobilien.de\/wp-content\/uploads\/2018\/06\/siegel_dollberg_start.png 240w\" data-sizes=\"(max-width: 81px) 100vw, 81px\" src=\"data:image\/svg+xml;base64,PHN2ZyB3aWR0aD0iMSIgaGVpZ2h0PSIxIiB4bWxucz0iaHR0cDovL3d3dy53My5vcmcvMjAwMC9zdmciPjwvc3ZnPg==\" style=\"--smush-placeholder-width: 81px; --smush-placeholder-aspect-ratio: 81\/127;\" \/><\/p>\n<\/div>\n","protected":false},"excerpt":{"rendered":"<p>Willkommen bei Cornelia Dollberg Immobilien Wir freuen uns, Sie auf unserer Internetseite begr\u00fc\u00dfen zu k\u00f6nnen und Ihnen unsere Serviceleistungen und Angebote vorstellen zu d\u00fcrfen. Als modernes Unternehmen nutzen wir alle aktuellen Medienkan\u00e4le um unsere Dienstleistungen und Objekte zu pr\u00e4sentieren. Informieren Sie sich auf den folgenden Seiten \u00fcber die M\u00f6glichkeiten die wir Ihnen bieten k\u00f6nnen. Ein <span class=\"moretag\"><a href=\"https:\/\/www.dollberg-immobilien.de\/\" class=\"btn btn-sm btn-primary\">Mehr Infos<\/a><\/span><\/p>\n","protected":false},"author":1,"featured_media":0,"parent":0,"menu_order":0,"comment_status":"closed","ping_status":"closed","template":"page-tpl-home.php","meta":{"footnotes":""},"class_list":["post-191","page","type-page","status-publish","hentry"],"yoast_head":"<!-- This site is optimized with the Yoast SEO plugin v27.5 - https:\/\/yoast.com\/product\/yoast-seo-wordpress\/ -->\n<title>Home - Dollberg Immobilien Ihre Maklerin f\u00fcr K\u00f6ln Porz und Umgebung<\/title>\n<meta name=\"robots\" content=\"index, follow, max-snippet:-1, max-image-preview:large, max-video-preview:-1\" \/>\n<link rel=\"canonical\" href=\"https:\/\/www.dollberg-immobilien.de\/\" \/>\n<meta property=\"og:locale\" content=\"de_DE\" \/>\n<meta property=\"og:type\" content=\"article\" \/>\n<meta property=\"og:title\" content=\"Home - Dollberg Immobilien Ihre Maklerin f\u00fcr K\u00f6ln Porz und Umgebung\" \/>\n<meta property=\"og:description\" content=\"Willkommen bei Cornelia Dollberg Immobilien Wir freuen uns, Sie auf unserer Internetseite begr\u00fc\u00dfen zu k\u00f6nnen und Ihnen unsere Serviceleistungen und Angebote vorstellen zu d\u00fcrfen. Als modernes Unternehmen nutzen wir alle aktuellen Medienkan\u00e4le um unsere Dienstleistungen und Objekte zu pr\u00e4sentieren. Informieren Sie sich auf den folgenden Seiten \u00fcber die M\u00f6glichkeiten die wir Ihnen bieten k\u00f6nnen. Ein Mehr Infos\" \/>\n<meta property=\"og:url\" content=\"https:\/\/www.dollberg-immobilien.de\/\" \/>\n<meta property=\"og:site_name\" content=\"Dollberg Immobilien Ihre Maklerin f\u00fcr K\u00f6ln Porz und Umgebung\" \/>\n<meta property=\"article:modified_time\" content=\"2018-08-01T12:34:51+00:00\" \/>\n<meta property=\"og:image\" content=\"https:\/\/www.dollberg-immobilien.de\/wp-content\/uploads\/2018\/06\/siegel_dollberg_start-192x300.png\" \/>\n<meta name=\"twitter:card\" content=\"summary_large_image\" \/>\n<meta name=\"twitter:label1\" content=\"Gesch\u00e4tzte Lesezeit\" \/>\n\t<meta name=\"twitter:data1\" content=\"1\u00a0Minute\" \/>\n<script type=\"application\/ld+json\" class=\"yoast-schema-graph\">{\"@context\":\"https:\\\/\\\/schema.org\",\"@graph\":[{\"@type\":\"WebPage\",\"@id\":\"https:\\\/\\\/www.dollberg-immobilien.de\\\/\",\"url\":\"https:\\\/\\\/www.dollberg-immobilien.de\\\/\",\"name\":\"Home - Dollberg Immobilien Ihre Maklerin f\u00fcr K\u00f6ln Porz und Umgebung\",\"isPartOf\":{\"@id\":\"https:\\\/\\\/www.dollberg-immobilien.de\\\/#website\"},\"primaryImageOfPage\":{\"@id\":\"https:\\\/\\\/www.dollberg-immobilien.de\\\/#primaryimage\"},\"image\":{\"@id\":\"https:\\\/\\\/www.dollberg-immobilien.de\\\/#primaryimage\"},\"thumbnailUrl\":\"https:\\\/\\\/www.dollberg-immobilien.de\\\/wp-content\\\/uploads\\\/2018\\\/06\\\/siegel_dollberg_start-192x300.png\",\"datePublished\":\"2016-05-22T10:30:31+00:00\",\"dateModified\":\"2018-08-01T12:34:51+00:00\",\"breadcrumb\":{\"@id\":\"https:\\\/\\\/www.dollberg-immobilien.de\\\/#breadcrumb\"},\"inLanguage\":\"de\",\"potentialAction\":[{\"@type\":\"ReadAction\",\"target\":[\"https:\\\/\\\/www.dollberg-immobilien.de\\\/\"]}]},{\"@type\":\"ImageObject\",\"inLanguage\":\"de\",\"@id\":\"https:\\\/\\\/www.dollberg-immobilien.de\\\/#primaryimage\",\"url\":\"https:\\\/\\\/www.dollberg-immobilien.de\\\/wp-content\\\/uploads\\\/2018\\\/06\\\/siegel_dollberg_start.png\",\"contentUrl\":\"https:\\\/\\\/www.dollberg-immobilien.de\\\/wp-content\\\/uploads\\\/2018\\\/06\\\/siegel_dollberg_start.png\",\"width\":240,\"height\":375},{\"@type\":\"BreadcrumbList\",\"@id\":\"https:\\\/\\\/www.dollberg-immobilien.de\\\/#breadcrumb\",\"itemListElement\":[{\"@type\":\"ListItem\",\"position\":1,\"name\":\"Startseite\",\"item\":\"https:\\\/\\\/www.dollberg-immobilien.de\\\/\"},{\"@type\":\"ListItem\",\"position\":2,\"name\":\"Home\"}]},{\"@type\":\"WebSite\",\"@id\":\"https:\\\/\\\/www.dollberg-immobilien.de\\\/#website\",\"url\":\"https:\\\/\\\/www.dollberg-immobilien.de\\\/\",\"name\":\"Dollberg Immobilien Ihre Maklerin f\u00fcr K\u00f6ln Porz und Umgebung\",\"description\":\"Dollberg Immobilien\",\"potentialAction\":[{\"@type\":\"SearchAction\",\"target\":{\"@type\":\"EntryPoint\",\"urlTemplate\":\"https:\\\/\\\/www.dollberg-immobilien.de\\\/?s={search_term_string}\"},\"query-input\":{\"@type\":\"PropertyValueSpecification\",\"valueRequired\":true,\"valueName\":\"search_term_string\"}}],\"inLanguage\":\"de\"}]}<\/script>\n<!-- \/ Yoast SEO plugin. -->","yoast_head_json":{"title":"Home - Dollberg Immobilien Ihre Maklerin f\u00fcr K\u00f6ln Porz und Umgebung","robots":{"index":"index","follow":"follow","max-snippet":"max-snippet:-1","max-image-preview":"max-image-preview:large","max-video-preview":"max-video-preview:-1"},"canonical":"https:\/\/www.dollberg-immobilien.de\/","og_locale":"de_DE","og_type":"article","og_title":"Home - Dollberg Immobilien Ihre Maklerin f\u00fcr K\u00f6ln Porz und Umgebung","og_description":"Willkommen bei Cornelia Dollberg Immobilien Wir freuen uns, Sie auf unserer Internetseite begr\u00fc\u00dfen zu k\u00f6nnen und Ihnen unsere Serviceleistungen und Angebote vorstellen zu d\u00fcrfen. Als modernes Unternehmen nutzen wir alle aktuellen Medienkan\u00e4le um unsere Dienstleistungen und Objekte zu pr\u00e4sentieren. Informieren Sie sich auf den folgenden Seiten \u00fcber die M\u00f6glichkeiten die wir Ihnen bieten k\u00f6nnen. Ein Mehr Infos","og_url":"https:\/\/www.dollberg-immobilien.de\/","og_site_name":"Dollberg Immobilien Ihre Maklerin f\u00fcr K\u00f6ln Porz und Umgebung","article_modified_time":"2018-08-01T12:34:51+00:00","og_image":[{"url":"https:\/\/www.dollberg-immobilien.de\/wp-content\/uploads\/2018\/06\/siegel_dollberg_start-192x300.png","type":"","width":"","height":""}],"twitter_card":"summary_large_image","twitter_misc":{"Gesch\u00e4tzte Lesezeit":"1\u00a0Minute"},"schema":{"@context":"https:\/\/schema.org","@graph":[{"@type":"WebPage","@id":"https:\/\/www.dollberg-immobilien.de\/","url":"https:\/\/www.dollberg-immobilien.de\/","name":"Home - Dollberg Immobilien Ihre Maklerin f\u00fcr K\u00f6ln Porz und Umgebung","isPartOf":{"@id":"https:\/\/www.dollberg-immobilien.de\/#website"},"primaryImageOfPage":{"@id":"https:\/\/www.dollberg-immobilien.de\/#primaryimage"},"image":{"@id":"https:\/\/www.dollberg-immobilien.de\/#primaryimage"},"thumbnailUrl":"https:\/\/www.dollberg-immobilien.de\/wp-content\/uploads\/2018\/06\/siegel_dollberg_start-192x300.png","datePublished":"2016-05-22T10:30:31+00:00","dateModified":"2018-08-01T12:34:51+00:00","breadcrumb":{"@id":"https:\/\/www.dollberg-immobilien.de\/#breadcrumb"},"inLanguage":"de","potentialAction":[{"@type":"ReadAction","target":["https:\/\/www.dollberg-immobilien.de\/"]}]},{"@type":"ImageObject","inLanguage":"de","@id":"https:\/\/www.dollberg-immobilien.de\/#primaryimage","url":"https:\/\/www.dollberg-immobilien.de\/wp-content\/uploads\/2018\/06\/siegel_dollberg_start.png","contentUrl":"https:\/\/www.dollberg-immobilien.de\/wp-content\/uploads\/2018\/06\/siegel_dollberg_start.png","width":240,"height":375},{"@type":"BreadcrumbList","@id":"https:\/\/www.dollberg-immobilien.de\/#breadcrumb","itemListElement":[{"@type":"ListItem","position":1,"name":"Startseite","item":"https:\/\/www.dollberg-immobilien.de\/"},{"@type":"ListItem","position":2,"name":"Home"}]},{"@type":"WebSite","@id":"https:\/\/www.dollberg-immobilien.de\/#website","url":"https:\/\/www.dollberg-immobilien.de\/","name":"Dollberg Immobilien Ihre Maklerin f\u00fcr K\u00f6ln Porz und Umgebung","description":"Dollberg Immobilien","potentialAction":[{"@type":"SearchAction","target":{"@type":"EntryPoint","urlTemplate":"https:\/\/www.dollberg-immobilien.de\/?s={search_term_string}"},"query-input":{"@type":"PropertyValueSpecification","valueRequired":true,"valueName":"search_term_string"}}],"inLanguage":"de"}]}},"_links":{"self":[{"href":"https:\/\/www.dollberg-immobilien.de\/index.php?rest_route=\/wp\/v2\/pages\/191","targetHints":{"allow":["GET"]}}],"collection":[{"href":"https:\/\/www.dollberg-immobilien.de\/index.php?rest_route=\/wp\/v2\/pages"}],"about":[{"href":"https:\/\/www.dollberg-immobilien.de\/index.php?rest_route=\/wp\/v2\/types\/page"}],"author":[{"embeddable":true,"href":"https:\/\/www.dollberg-immobilien.de\/index.php?rest_route=\/wp\/v2\/users\/1"}],"replies":[{"embeddable":true,"href":"https:\/\/www.dollberg-immobilien.de\/index.php?rest_route=%2Fwp%2Fv2%2Fcomments&post=191"}],"version-history":[{"count":0,"href":"https:\/\/www.dollberg-immobilien.de\/index.php?rest_route=\/wp\/v2\/pages\/191\/revisions"}],"wp:attachment":[{"href":"https:\/\/www.dollberg-immobilien.de\/index.php?rest_route=%2Fwp%2Fv2%2Fmedia&parent=191"}],"curies":[{"name":"wp","href":"https:\/\/api.w.org\/{rel}","templated":true}]}}