{"id":235,"date":"2016-05-23T11:34:34","date_gmt":"2016-05-23T11:34:34","guid":{"rendered":"http:\/\/import.wpcasa.com\/oslo\/?page_id=235"},"modified":"2024-10-07T18:00:01","modified_gmt":"2024-10-07T17:00:01","slug":"contact-us","status":"publish","type":"page","link":"https:\/\/www.dollberg-immobilien.de\/?page_id=235","title":{"rendered":"Nehmen Sie Kontakt auf"},"content":{"rendered":"<h3 class=\"content-title\">Wir freuen uns auf Ihre Anfrage.<\/h3>\n<p>Sie haben Fragen oder m\u00f6chten uns bezgl. dem Verkauf oder der Vermietung einer Immobilie kontaktieren. So z\u00f6gern Sie nicht und nehmen Sie Kontakt auf.<\/p>\n<div class=\"brlbs-cmpnt-container brlbs-cmpnt-content-blocker brlbs-cmpnt-with-individual-styles\" data-borlabs-cookie-content-blocker-id=\"default\" data-borlabs-cookie-content=\"PGlmcmFtZSBzcmM9Imh0dHBzOi8vd3d3Lm9iamVrdHRyYWNraW5nLmRlL2ltbW9hbmZyYWdlLnBocD9pZD1HVElUTE9CV1FFIiB3aWR0aD0iMTAwJSIgaGVpZ2h0PSIxNTAwIiBmcmFtZWJvcmRlcj0iMCIgZGF0YS1ib3JsYWJzLWNvb2tpZS1pZnJhbWUtc3BhcmVkPSIiPjxzcGFuIGRhdGEtbWNlLXR5cGU9ImJvb2ttYXJrIiBzdHlsZT0iZGlzcGxheTogaW5saW5lLWJsb2NrOyB3aWR0aDogMHB4OyBvdmVyZmxvdzogaGlkZGVuOyBsaW5lLWhlaWdodDogMDsiIGNsYXNzPSJtY2VfU0VMUkVTX3N0YXJ0Ij7vu788L3NwYW4+JmFtcDthbXA7YW1wO2FtcDthbXA7YW1wO2FtcDtsdDsvcCZhbXA7YW1wO2FtcDthbXA7YW1wO2FtcDthbXA7Z3Q7PC9pZnJhbWU+\">\n<div class=\"brlbs-cmpnt-cb-preset-a\">\n<p class=\"brlbs-cmpnt-cb-description\">Sie sehen gerade einen Platzhalterinhalt von <strong>Standard<\/strong>. Um auf den eigentlichen Inhalt zuzugreifen, klicken Sie auf den Button unten. Bitte beachten Sie, dass dabei Daten an Drittanbieter weitergegeben werden.<\/p>\n<div class=\"brlbs-cmpnt-cb-buttons\"> <a class=\"brlbs-cmpnt-cb-btn\" href=\"#\" data-borlabs-cookie-unblock role=\"button\">Inhalt entsperren<\/a> <a class=\"brlbs-cmpnt-cb-btn\" href=\"#\" data-borlabs-cookie-accept-service role=\"button\" style=\"display: none\">Erforderlichen Service akzeptieren und Inhalte entsperren<\/a> <\/div>\n<p> <a class=\"brlbs-cmpnt-cb-provider-toggle\" href=\"#\" data-borlabs-cookie-show-provider-information role=\"button\">Weitere Informationen<\/a> <\/div>\n<\/div>\n","protected":false},"excerpt":{"rendered":"<p>Wir freuen uns auf Ihre Anfrage. Sie haben Fragen oder m\u00f6chten uns bezgl. dem Verkauf oder der Vermietung einer Immobilie kontaktieren. So z\u00f6gern Sie nicht und nehmen Sie Kontakt auf. Sie sehen gerade einen Platzhalterinhalt von Standard. Um auf den eigentlichen Inhalt zuzugreifen, klicken Sie auf den Button unten. Bitte beachten Sie, dass dabei Daten <span class=\"moretag\"><a href=\"https:\/\/www.dollberg-immobilien.de\/?page_id=235\" class=\"btn btn-sm btn-primary\">Mehr Infos<\/a><\/span><\/p>\n","protected":false},"author":1,"featured_media":0,"parent":0,"menu_order":0,"comment_status":"closed","ping_status":"closed","template":"","meta":{"footnotes":""},"class_list":["post-235","page","type-page","status-publish","hentry"],"yoast_head":"<!-- This site is optimized with the Yoast SEO plugin v27.5 - https:\/\/yoast.com\/product\/yoast-seo-wordpress\/ -->\n<title>Nehmen Sie Kontakt auf - Dollberg Immobilien Ihre Maklerin f\u00fcr K\u00f6ln Porz und Umgebung<\/title>\n<meta name=\"robots\" content=\"index, follow, max-snippet:-1, max-image-preview:large, max-video-preview:-1\" \/>\n<link rel=\"canonical\" href=\"https:\/\/www.dollberg-immobilien.de\/?page_id=235\" \/>\n<meta property=\"og:locale\" content=\"de_DE\" \/>\n<meta property=\"og:type\" content=\"article\" \/>\n<meta property=\"og:title\" content=\"Nehmen Sie Kontakt auf - Dollberg Immobilien Ihre Maklerin f\u00fcr K\u00f6ln Porz und Umgebung\" \/>\n<meta property=\"og:description\" content=\"Wir freuen uns auf Ihre Anfrage. Sie haben Fragen oder m\u00f6chten uns bezgl. dem Verkauf oder der Vermietung einer Immobilie kontaktieren. So z\u00f6gern Sie nicht und nehmen Sie Kontakt auf. Sie sehen gerade einen Platzhalterinhalt von Standard. Um auf den eigentlichen Inhalt zuzugreifen, klicken Sie auf den Button unten. Bitte beachten Sie, dass dabei Daten Mehr Infos\" \/>\n<meta property=\"og:url\" content=\"https:\/\/www.dollberg-immobilien.de\/?page_id=235\" \/>\n<meta property=\"og:site_name\" content=\"Dollberg Immobilien Ihre Maklerin f\u00fcr K\u00f6ln Porz und Umgebung\" \/>\n<meta property=\"article:modified_time\" content=\"2024-10-07T17:00:01+00:00\" \/>\n<meta name=\"twitter:card\" content=\"summary_large_image\" \/>\n<meta name=\"twitter:label1\" content=\"Gesch\u00e4tzte Lesezeit\" \/>\n\t<meta name=\"twitter:data1\" content=\"1\u00a0Minute\" \/>\n<script type=\"application\/ld+json\" class=\"yoast-schema-graph\">{\"@context\":\"https:\\\/\\\/schema.org\",\"@graph\":[{\"@type\":\"WebPage\",\"@id\":\"https:\\\/\\\/www.dollberg-immobilien.de\\\/?page_id=235\",\"url\":\"https:\\\/\\\/www.dollberg-immobilien.de\\\/?page_id=235\",\"name\":\"Nehmen Sie Kontakt auf - Dollberg Immobilien Ihre Maklerin f\u00fcr K\u00f6ln Porz und Umgebung\",\"isPartOf\":{\"@id\":\"https:\\\/\\\/www.dollberg-immobilien.de\\\/#website\"},\"datePublished\":\"2016-05-23T11:34:34+00:00\",\"dateModified\":\"2024-10-07T17:00:01+00:00\",\"breadcrumb\":{\"@id\":\"https:\\\/\\\/www.dollberg-immobilien.de\\\/?page_id=235#breadcrumb\"},\"inLanguage\":\"de\",\"potentialAction\":[{\"@type\":\"ReadAction\",\"target\":[\"https:\\\/\\\/www.dollberg-immobilien.de\\\/?page_id=235\"]}]},{\"@type\":\"BreadcrumbList\",\"@id\":\"https:\\\/\\\/www.dollberg-immobilien.de\\\/?page_id=235#breadcrumb\",\"itemListElement\":[{\"@type\":\"ListItem\",\"position\":1,\"name\":\"Startseite\",\"item\":\"https:\\\/\\\/www.dollberg-immobilien.de\\\/\"},{\"@type\":\"ListItem\",\"position\":2,\"name\":\"Nehmen Sie Kontakt auf\"}]},{\"@type\":\"WebSite\",\"@id\":\"https:\\\/\\\/www.dollberg-immobilien.de\\\/#website\",\"url\":\"https:\\\/\\\/www.dollberg-immobilien.de\\\/\",\"name\":\"Dollberg Immobilien Ihre Maklerin f\u00fcr K\u00f6ln Porz und Umgebung\",\"description\":\"Dollberg Immobilien\",\"potentialAction\":[{\"@type\":\"SearchAction\",\"target\":{\"@type\":\"EntryPoint\",\"urlTemplate\":\"https:\\\/\\\/www.dollberg-immobilien.de\\\/?s={search_term_string}\"},\"query-input\":{\"@type\":\"PropertyValueSpecification\",\"valueRequired\":true,\"valueName\":\"search_term_string\"}}],\"inLanguage\":\"de\"}]}<\/script>\n<!-- \/ Yoast SEO plugin. -->","yoast_head_json":{"title":"Nehmen Sie Kontakt auf - Dollberg Immobilien Ihre Maklerin f\u00fcr K\u00f6ln Porz und Umgebung","robots":{"index":"index","follow":"follow","max-snippet":"max-snippet:-1","max-image-preview":"max-image-preview:large","max-video-preview":"max-video-preview:-1"},"canonical":"https:\/\/www.dollberg-immobilien.de\/?page_id=235","og_locale":"de_DE","og_type":"article","og_title":"Nehmen Sie Kontakt auf - Dollberg Immobilien Ihre Maklerin f\u00fcr K\u00f6ln Porz und Umgebung","og_description":"Wir freuen uns auf Ihre Anfrage. Sie haben Fragen oder m\u00f6chten uns bezgl. dem Verkauf oder der Vermietung einer Immobilie kontaktieren. So z\u00f6gern Sie nicht und nehmen Sie Kontakt auf. Sie sehen gerade einen Platzhalterinhalt von Standard. Um auf den eigentlichen Inhalt zuzugreifen, klicken Sie auf den Button unten. Bitte beachten Sie, dass dabei Daten Mehr Infos","og_url":"https:\/\/www.dollberg-immobilien.de\/?page_id=235","og_site_name":"Dollberg Immobilien Ihre Maklerin f\u00fcr K\u00f6ln Porz und Umgebung","article_modified_time":"2024-10-07T17:00:01+00:00","twitter_card":"summary_large_image","twitter_misc":{"Gesch\u00e4tzte Lesezeit":"1\u00a0Minute"},"schema":{"@context":"https:\/\/schema.org","@graph":[{"@type":"WebPage","@id":"https:\/\/www.dollberg-immobilien.de\/?page_id=235","url":"https:\/\/www.dollberg-immobilien.de\/?page_id=235","name":"Nehmen Sie Kontakt auf - Dollberg Immobilien Ihre Maklerin f\u00fcr K\u00f6ln Porz und Umgebung","isPartOf":{"@id":"https:\/\/www.dollberg-immobilien.de\/#website"},"datePublished":"2016-05-23T11:34:34+00:00","dateModified":"2024-10-07T17:00:01+00:00","breadcrumb":{"@id":"https:\/\/www.dollberg-immobilien.de\/?page_id=235#breadcrumb"},"inLanguage":"de","potentialAction":[{"@type":"ReadAction","target":["https:\/\/www.dollberg-immobilien.de\/?page_id=235"]}]},{"@type":"BreadcrumbList","@id":"https:\/\/www.dollberg-immobilien.de\/?page_id=235#breadcrumb","itemListElement":[{"@type":"ListItem","position":1,"name":"Startseite","item":"https:\/\/www.dollberg-immobilien.de\/"},{"@type":"ListItem","position":2,"name":"Nehmen Sie Kontakt auf"}]},{"@type":"WebSite","@id":"https:\/\/www.dollberg-immobilien.de\/#website","url":"https:\/\/www.dollberg-immobilien.de\/","name":"Dollberg Immobilien Ihre Maklerin f\u00fcr K\u00f6ln Porz und Umgebung","description":"Dollberg Immobilien","potentialAction":[{"@type":"SearchAction","target":{"@type":"EntryPoint","urlTemplate":"https:\/\/www.dollberg-immobilien.de\/?s={search_term_string}"},"query-input":{"@type":"PropertyValueSpecification","valueRequired":true,"valueName":"search_term_string"}}],"inLanguage":"de"}]}},"_links":{"self":[{"href":"https:\/\/www.dollberg-immobilien.de\/index.php?rest_route=\/wp\/v2\/pages\/235","targetHints":{"allow":["GET"]}}],"collection":[{"href":"https:\/\/www.dollberg-immobilien.de\/index.php?rest_route=\/wp\/v2\/pages"}],"about":[{"href":"https:\/\/www.dollberg-immobilien.de\/index.php?rest_route=\/wp\/v2\/types\/page"}],"author":[{"embeddable":true,"href":"https:\/\/www.dollberg-immobilien.de\/index.php?rest_route=\/wp\/v2\/users\/1"}],"replies":[{"embeddable":true,"href":"https:\/\/www.dollberg-immobilien.de\/index.php?rest_route=%2Fwp%2Fv2%2Fcomments&post=235"}],"version-history":[{"count":0,"href":"https:\/\/www.dollberg-immobilien.de\/index.php?rest_route=\/wp\/v2\/pages\/235\/revisions"}],"wp:attachment":[{"href":"https:\/\/www.dollberg-immobilien.de\/index.php?rest_route=%2Fwp%2Fv2%2Fmedia&parent=235"}],"curies":[{"name":"wp","href":"https:\/\/api.w.org\/{rel}","templated":true}]}}