{"id":253,"date":"2016-05-23T12:20:31","date_gmt":"2016-05-23T12:20:31","guid":{"rendered":"http:\/\/import.wpcasa.com\/oslo\/?page_id=253"},"modified":"2017-10-26T11:36:58","modified_gmt":"2017-10-26T10:36:58","slug":"property-valuations","status":"publish","type":"page","link":"https:\/\/www.dollberg-immobilien.de\/?page_id=253","title":{"rendered":"Immobilienbewertung"},"content":{"rendered":"<div class=\"content-box\">\n<h3 class=\"content-title\">Immobilienbewertung<\/h3>\n<p>Wir ermitteln schnell und umkompliziert den Wert Ihrer Immobilie.<\/p>\n<\/div>\n<div class=\"content-box\">\n<h3 class=\"content-title\">Unsere Erfahrung<\/h3>\n<p>Als langj\u00e4hriger Makler kennen wir den lokalen Immobilienmarkt. <\/p>\n<\/div>\n<div class=\"content-box\">\n<h3 class=\"content-title\">Ausbildung<\/h3>\n<p>Um Ihre Immobilie fachgerecht bewerten zu k\u00f6nnen, bilden wir uns st\u00e4ndig weiter und sind zertifizierte Sachverst\u00e4ndige.<\/p>\n<\/div>\n","protected":false},"excerpt":{"rendered":"<p>Immobilienbewertung Wir ermitteln schnell und umkompliziert den Wert Ihrer Immobilie. Unsere Erfahrung Als langj\u00e4hriger Makler kennen wir den lokalen Immobilienmarkt. Ausbildung Um Ihre Immobilie fachgerecht bewerten zu k\u00f6nnen, bilden wir uns st\u00e4ndig weiter und sind zertifizierte Sachverst\u00e4ndige.<\/p>\n","protected":false},"author":1,"featured_media":0,"parent":351,"menu_order":0,"comment_status":"closed","ping_status":"closed","template":"","meta":{"footnotes":""},"class_list":["post-253","page","type-page","status-publish","hentry"],"yoast_head":"<!-- This site is optimized with the Yoast SEO plugin v27.4 - https:\/\/yoast.com\/product\/yoast-seo-wordpress\/ -->\n<title>Immobilienbewertung - Dollberg Immobilien Ihre Maklerin f\u00fcr K\u00f6ln Porz und Umgebung<\/title>\n<meta name=\"robots\" content=\"index, follow, max-snippet:-1, max-image-preview:large, max-video-preview:-1\" \/>\n<link rel=\"canonical\" href=\"https:\/\/www.dollberg-immobilien.de\/?page_id=253\" \/>\n<meta property=\"og:locale\" content=\"de_DE\" \/>\n<meta property=\"og:type\" content=\"article\" \/>\n<meta property=\"og:title\" content=\"Immobilienbewertung - Dollberg Immobilien Ihre Maklerin f\u00fcr K\u00f6ln Porz und Umgebung\" \/>\n<meta property=\"og:description\" content=\"Immobilienbewertung Wir ermitteln schnell und umkompliziert den Wert Ihrer Immobilie. Unsere Erfahrung Als langj\u00e4hriger Makler kennen wir den lokalen Immobilienmarkt. Ausbildung Um Ihre Immobilie fachgerecht bewerten zu k\u00f6nnen, bilden wir uns st\u00e4ndig weiter und sind zertifizierte Sachverst\u00e4ndige.\" \/>\n<meta property=\"og:url\" content=\"https:\/\/www.dollberg-immobilien.de\/?page_id=253\" \/>\n<meta property=\"og:site_name\" content=\"Dollberg Immobilien Ihre Maklerin f\u00fcr K\u00f6ln Porz und Umgebung\" \/>\n<meta property=\"article:modified_time\" content=\"2017-10-26T10:36:58+00:00\" \/>\n<meta name=\"twitter:card\" content=\"summary_large_image\" \/>\n<script type=\"application\/ld+json\" class=\"yoast-schema-graph\">{\"@context\":\"https:\\\/\\\/schema.org\",\"@graph\":[{\"@type\":\"WebPage\",\"@id\":\"https:\\\/\\\/www.dollberg-immobilien.de\\\/?page_id=253\",\"url\":\"https:\\\/\\\/www.dollberg-immobilien.de\\\/?page_id=253\",\"name\":\"Immobilienbewertung - Dollberg Immobilien Ihre Maklerin f\u00fcr K\u00f6ln Porz und Umgebung\",\"isPartOf\":{\"@id\":\"https:\\\/\\\/www.dollberg-immobilien.de\\\/#website\"},\"datePublished\":\"2016-05-23T12:20:31+00:00\",\"dateModified\":\"2017-10-26T10:36:58+00:00\",\"breadcrumb\":{\"@id\":\"https:\\\/\\\/www.dollberg-immobilien.de\\\/?page_id=253#breadcrumb\"},\"inLanguage\":\"de\",\"potentialAction\":[{\"@type\":\"ReadAction\",\"target\":[\"https:\\\/\\\/www.dollberg-immobilien.de\\\/?page_id=253\"]}]},{\"@type\":\"BreadcrumbList\",\"@id\":\"https:\\\/\\\/www.dollberg-immobilien.de\\\/?page_id=253#breadcrumb\",\"itemListElement\":[{\"@type\":\"ListItem\",\"position\":1,\"name\":\"Startseite\",\"item\":\"https:\\\/\\\/www.dollberg-immobilien.de\\\/\"},{\"@type\":\"ListItem\",\"position\":2,\"name\":\"Services\",\"item\":\"https:\\\/\\\/www.dollberg-immobilien.de\\\/?page_id=351\"},{\"@type\":\"ListItem\",\"position\":3,\"name\":\"Immobilienbewertung\"}]},{\"@type\":\"WebSite\",\"@id\":\"https:\\\/\\\/www.dollberg-immobilien.de\\\/#website\",\"url\":\"https:\\\/\\\/www.dollberg-immobilien.de\\\/\",\"name\":\"Dollberg Immobilien Ihre Maklerin f\u00fcr K\u00f6ln Porz und Umgebung\",\"description\":\"Dollberg Immobilien\",\"potentialAction\":[{\"@type\":\"SearchAction\",\"target\":{\"@type\":\"EntryPoint\",\"urlTemplate\":\"https:\\\/\\\/www.dollberg-immobilien.de\\\/?s={search_term_string}\"},\"query-input\":{\"@type\":\"PropertyValueSpecification\",\"valueRequired\":true,\"valueName\":\"search_term_string\"}}],\"inLanguage\":\"de\"}]}<\/script>\n<!-- \/ Yoast SEO plugin. -->","yoast_head_json":{"title":"Immobilienbewertung - Dollberg Immobilien Ihre Maklerin f\u00fcr K\u00f6ln Porz und Umgebung","robots":{"index":"index","follow":"follow","max-snippet":"max-snippet:-1","max-image-preview":"max-image-preview:large","max-video-preview":"max-video-preview:-1"},"canonical":"https:\/\/www.dollberg-immobilien.de\/?page_id=253","og_locale":"de_DE","og_type":"article","og_title":"Immobilienbewertung - Dollberg Immobilien Ihre Maklerin f\u00fcr K\u00f6ln Porz und Umgebung","og_description":"Immobilienbewertung Wir ermitteln schnell und umkompliziert den Wert Ihrer Immobilie. Unsere Erfahrung Als langj\u00e4hriger Makler kennen wir den lokalen Immobilienmarkt. Ausbildung Um Ihre Immobilie fachgerecht bewerten zu k\u00f6nnen, bilden wir uns st\u00e4ndig weiter und sind zertifizierte Sachverst\u00e4ndige.","og_url":"https:\/\/www.dollberg-immobilien.de\/?page_id=253","og_site_name":"Dollberg Immobilien Ihre Maklerin f\u00fcr K\u00f6ln Porz und Umgebung","article_modified_time":"2017-10-26T10:36:58+00:00","twitter_card":"summary_large_image","schema":{"@context":"https:\/\/schema.org","@graph":[{"@type":"WebPage","@id":"https:\/\/www.dollberg-immobilien.de\/?page_id=253","url":"https:\/\/www.dollberg-immobilien.de\/?page_id=253","name":"Immobilienbewertung - Dollberg Immobilien Ihre Maklerin f\u00fcr K\u00f6ln Porz und Umgebung","isPartOf":{"@id":"https:\/\/www.dollberg-immobilien.de\/#website"},"datePublished":"2016-05-23T12:20:31+00:00","dateModified":"2017-10-26T10:36:58+00:00","breadcrumb":{"@id":"https:\/\/www.dollberg-immobilien.de\/?page_id=253#breadcrumb"},"inLanguage":"de","potentialAction":[{"@type":"ReadAction","target":["https:\/\/www.dollberg-immobilien.de\/?page_id=253"]}]},{"@type":"BreadcrumbList","@id":"https:\/\/www.dollberg-immobilien.de\/?page_id=253#breadcrumb","itemListElement":[{"@type":"ListItem","position":1,"name":"Startseite","item":"https:\/\/www.dollberg-immobilien.de\/"},{"@type":"ListItem","position":2,"name":"Services","item":"https:\/\/www.dollberg-immobilien.de\/?page_id=351"},{"@type":"ListItem","position":3,"name":"Immobilienbewertung"}]},{"@type":"WebSite","@id":"https:\/\/www.dollberg-immobilien.de\/#website","url":"https:\/\/www.dollberg-immobilien.de\/","name":"Dollberg Immobilien Ihre Maklerin f\u00fcr K\u00f6ln Porz und Umgebung","description":"Dollberg Immobilien","potentialAction":[{"@type":"SearchAction","target":{"@type":"EntryPoint","urlTemplate":"https:\/\/www.dollberg-immobilien.de\/?s={search_term_string}"},"query-input":{"@type":"PropertyValueSpecification","valueRequired":true,"valueName":"search_term_string"}}],"inLanguage":"de"}]}},"_links":{"self":[{"href":"https:\/\/www.dollberg-immobilien.de\/index.php?rest_route=\/wp\/v2\/pages\/253","targetHints":{"allow":["GET"]}}],"collection":[{"href":"https:\/\/www.dollberg-immobilien.de\/index.php?rest_route=\/wp\/v2\/pages"}],"about":[{"href":"https:\/\/www.dollberg-immobilien.de\/index.php?rest_route=\/wp\/v2\/types\/page"}],"author":[{"embeddable":true,"href":"https:\/\/www.dollberg-immobilien.de\/index.php?rest_route=\/wp\/v2\/users\/1"}],"replies":[{"embeddable":true,"href":"https:\/\/www.dollberg-immobilien.de\/index.php?rest_route=%2Fwp%2Fv2%2Fcomments&post=253"}],"version-history":[{"count":0,"href":"https:\/\/www.dollberg-immobilien.de\/index.php?rest_route=\/wp\/v2\/pages\/253\/revisions"}],"up":[{"embeddable":true,"href":"https:\/\/www.dollberg-immobilien.de\/index.php?rest_route=\/wp\/v2\/pages\/351"}],"wp:attachment":[{"href":"https:\/\/www.dollberg-immobilien.de\/index.php?rest_route=%2Fwp%2Fv2%2Fmedia&parent=253"}],"curies":[{"name":"wp","href":"https:\/\/api.w.org\/{rel}","templated":true}]}}